{"id":85,"date":"2021-02-05T00:10:36","date_gmt":"2021-02-04T23:10:36","guid":{"rendered":"http:\/\/hotelcotepharecontis.com\/?page_id=85"},"modified":"2026-02-23T13:32:37","modified_gmt":"2026-02-23T12:32:37","slug":"a-propos","status":"publish","type":"page","link":"https:\/\/hotelcotepharecontis.com\/index.php\/a-propos\/","title":{"rendered":"A propos"},"content":{"rendered":"<div class=\"vce-row-container\" data-vce-boxed-width=\"true\"><div class=\"vce-row vce-row--col-gap-30 vce-row-equal-height vce-row-columns--top vce-row-content--top\" id=\"el-51aaff0a\" data-vce-do-apply=\"all el-51aaff0a\"><div class=\"vce-row-content\" data-vce-element-content=\"true\"><div class=\"vce-col vce-col--md-auto vce-col--xs-1 vce-col--xs-last vce-col--xs-first vce-col--sm-last vce-col--sm-first vce-col--md-last vce-col--lg-last vce-col--xl-last vce-col--md-first vce-col--lg-first vce-col--xl-first\" id=\"el-9b8c122e\"><div class=\"vce-col-inner\" data-vce-do-apply=\"border margin background  el-9b8c122e\"><div class=\"vce-col-content\" data-vce-element-content=\"true\" data-vce-do-apply=\"padding el-9b8c122e\"><\/div><\/div><\/div><\/div><\/div><\/div><div class=\"vce-row-container\" data-vce-boxed-width=\"true\"><div class=\"vce-row vce-row--col-gap-30 vce-row-equal-height vce-row-columns--top vce-row-content--top\" id=\"el-00a19576\" data-vce-do-apply=\"all el-00a19576\"><div class=\"vce-row-content\" data-vce-element-content=\"true\"><div class=\"vce-col vce-col--md-auto vce-col--xs-1 vce-col--xs-last vce-col--xs-first vce-col--sm-last vce-col--sm-first vce-col--md-first vce-col--lg-first vce-col--xl-first\" id=\"el-0213f34f\"><div class=\"vce-col-inner\" data-vce-do-apply=\"border margin background  el-0213f34f\"><div class=\"vce-col-content\" data-vce-element-content=\"true\" data-vce-do-apply=\"padding el-0213f34f\"><\/div><\/div><\/div><div class=\"vce-col vce-col--md-auto vce-col--xs-1 vce-col--xs-last vce-col--xs-first vce-col--sm-last vce-col--sm-first vce-col--md-last vce-col--lg-last vce-col--xl-last\" id=\"el-ce2758a2\"><div class=\"vce-col-inner\" data-vce-do-apply=\"border margin background  el-ce2758a2\"><div class=\"vce-col-content\" data-vce-element-content=\"true\" data-vce-do-apply=\"padding el-ce2758a2\"><\/div><\/div><\/div><\/div><\/div><\/div><div class=\"vce-row-container\" data-vce-boxed-width=\"true\"><div class=\"vce-row vce-element--has-background vce-row--col-gap-30 vce-row-equal-height vce-row-columns--top vce-row-content--top\" id=\"el-b37cde33\" data-vce-do-apply=\"all el-b37cde33\" data-vce-animate=\"vce-o-animate--fadeIn\"><div class=\"vce-content-background-container\"><\/div><div class=\"vce-row-content\" data-vce-element-content=\"true\"><div class=\"vce-col vce-col--md-auto vce-col--xs-1 vce-col--xs-last vce-col--xs-first vce-col--sm-last vce-col--sm-first vce-col--md-last vce-col--lg-last vce-col--xl-last vce-col--md-first vce-col--lg-first vce-col--xl-first\" id=\"el-bc361922\"><div class=\"vce-col-inner\" data-vce-do-apply=\"border margin background  el-bc361922\"><div class=\"vce-col-content\" data-vce-element-content=\"true\" data-vce-do-apply=\"padding el-bc361922\"><div class=\"vce-text-block\"><div class=\"vce-text-block-wrapper vce\" id=\"el-8e4da3b2\" data-vce-do-apply=\"all el-8e4da3b2\"><h2 style=\"text-align: center;\">&nbsp;<\/h2><\/div><\/div><\/div><\/div><\/div><\/div><\/div><\/div><div class=\"vce-row-container\" data-vce-boxed-width=\"true\"><div class=\"vce-row vce-element--has-background vce-row--col-gap-30 vce-row-equal-height vce-row-columns--top vce-row-content--top\" id=\"el-50436ddd\" data-vce-do-apply=\"all el-50436ddd\" data-vce-animate=\"vce-o-animate--fadeIn\"><div class=\"vce-content-background-container\"><div class=\"vce-asset-background-simple-container vce-visible-all-only vce-asset-background-simple--style-cover vce-asset-background-simple--position-center-top\"><div class=\"vce-asset-background-simple\"><div class=\"vce-asset-background-simple-item\" style=\"background-image: url('https:\/\/hotelcotepharecontis.com\/wp-content\/uploads\/2021\/04\/CHAMBRE_1_DET_2_B1.jpg');\"><\/div><\/div><\/div><\/div><div class=\"vce-row-content\" data-vce-element-content=\"true\"><div class=\"vce-col vce-col--md-auto vce-col--xs-1 vce-col--xs-last vce-col--xs-first vce-col--sm-last vce-col--sm-first vce-col--md-last vce-col--lg-last vce-col--xl-last vce-col--md-first vce-col--lg-first vce-col--xl-first\" id=\"el-e0987516\"><div class=\"vce-col-inner\" data-vce-do-apply=\"border margin background  el-e0987516\" data-vce-animate=\"vce-o-animate--fadeIn\"><div class=\"vce-content-background-container\"><div class=\"vce-asset-color-gradient-container vce-visible-all-only\" data-vce-do-apply=\"gradient el-e0987516\"><\/div><\/div><div class=\"vce-col-content\" data-vce-element-content=\"true\" data-vce-do-apply=\"padding el-e0987516\"><div class=\"vce-text-block\"><div class=\"vce-text-block-wrapper vce\" id=\"el-f2a10332\" data-vce-do-apply=\"all el-f2a10332\"><h2>&nbsp;<\/h2><h2>&nbsp;<\/h2><h2>&nbsp;<\/h2><h2>&nbsp;<\/h2><p>&nbsp;<\/p><h2 style=\"text-align: center;\"><a href=\"https:\/\/drive.google.com\/file\/d\/1pwW8XMsbqPjcrgeZ_HS73Yeaa9Vh3QD2\/view?usp=sharing\" target=\"_blank\" rel=\"noopener\"><span style=\"color: #000000;\"><span style=\"font-family: Alata;\"><span style=\"vertical-align: inherit;\"><span style=\"vertical-align: inherit;\"><span style=\"vertical-align: inherit;\"><span style=\"vertical-align: inherit;\">Tarifs<\/span><\/span><\/span><\/span><\/span><\/span><\/a><\/h2><p style=\"text-align: center;\">&nbsp;<a href=\"https:\/\/drive.google.com\/file\/d\/1pwW8XMsbqPjcrgeZ_HS73Yeaa9Vh3QD2\/view?usp=sharing\" target=\"_blank\" rel=\"noopener\"><span style=\"font-family: Alata;\"><span style=\"vertical-align: inherit;\"><span style=\"vertical-align: inherit;\"><span style=\"vertical-align: inherit;\"><span style=\"vertical-align: inherit;\">Voir nos prix<\/span><\/span><\/span><\/span><\/span><\/a><\/p><p>&nbsp;<\/p><p>&nbsp;<\/p><p>&nbsp;<\/p><p>&nbsp;<\/p><p>&nbsp;<\/p><\/div><\/div><\/div><\/div><\/div><\/div><\/div><\/div><div class=\"vce-row-container\" data-vce-boxed-width=\"true\"><div class=\"vce-row vce-element--has-background vce-row--col-gap-30 vce-row-equal-height vce-row-columns--top vce-row-content--top\" id=\"el-3e12a5f8\" data-vce-do-apply=\"all el-3e12a5f8\" data-vce-animate=\"vce-o-animate--fadeIn\"><div class=\"vce-content-background-container\"><\/div><div class=\"vce-row-content\" data-vce-element-content=\"true\"><div class=\"vce-col vce-col--md-auto vce-col--xs-1 vce-col--xs-last vce-col--xs-first vce-col--sm-last vce-col--sm-first vce-col--md-last vce-col--lg-last vce-col--xl-last vce-col--md-first vce-col--lg-first vce-col--xl-first\" id=\"el-d3b2db5a\"><div class=\"vce-col-inner\" data-vce-do-apply=\"border margin background  el-d3b2db5a\"><div class=\"vce-col-content\" data-vce-element-content=\"true\" data-vce-do-apply=\"padding el-d3b2db5a\"><div class=\"vce-text-block\"><div class=\"vce-text-block-wrapper vce\" id=\"el-15969fbe\" data-vce-do-apply=\"all el-15969fbe\"><h2 style=\"text-align: center;\">&nbsp;<\/h2><\/div><\/div><\/div><\/div><\/div><\/div><\/div><\/div><div class=\"vce-row-container\" data-vce-boxed-width=\"true\"><div class=\"vce-row vce-element--has-background vce-row--col-gap-30 vce-row-equal-height vce-row-columns--top vce-row-content--top\" id=\"el-5a340ca9\" data-vce-do-apply=\"all el-5a340ca9\" data-vce-animate=\"vce-o-animate--fadeIn\"><div class=\"vce-content-background-container\"><div class=\"vce-asset-background-simple-container vce-visible-all-only vce-asset-background-simple--style-repeat vce-asset-background-simple--position-left-bottom\"><div class=\"vce-asset-background-simple\"><div class=\"vce-asset-background-simple-item\" style=\"background-image: url('https:\/\/hotelcotepharecontis.com\/wp-content\/uploads\/2021\/04\/CHAMBRE_6_DET1.jpg');\"><\/div><\/div><\/div><\/div><div class=\"vce-row-content\" data-vce-element-content=\"true\"><div class=\"vce-col vce-col--md-auto vce-col--xs-1 vce-col--xs-last vce-col--xs-first vce-col--sm-last vce-col--sm-first vce-col--md-last vce-col--lg-last vce-col--xl-last vce-col--md-first vce-col--lg-first vce-col--xl-first\" id=\"el-ad1403aa\"><div class=\"vce-col-inner\" data-vce-do-apply=\"border margin background  el-ad1403aa\"><div class=\"vce-content-background-container\"><div class=\"vce-asset-color-gradient-container vce-visible-all-only\" data-vce-do-apply=\"gradient el-ad1403aa\"><\/div><\/div><div class=\"vce-col-content\" data-vce-element-content=\"true\" data-vce-do-apply=\"padding el-ad1403aa\"><div class=\"vce-text-block\"><div class=\"vce-text-block-wrapper vce\" id=\"el-793e01ad\" data-vce-do-apply=\"all el-793e01ad\"><h2 style=\"text-align: center;\">&nbsp;<\/h2><h2 style=\"text-align: center;\">&nbsp;<\/h2><p>&nbsp;<\/p><p>&nbsp;<\/p><h2 style=\"text-align: center;\">&nbsp;<\/h2><h2 style=\"text-align: center;\"><a href=\"https:\/\/drive.google.com\/file\/d\/1nVHK6i2mFYjHyd5O_yGJ1pyKPiYyu3wc\/view?usp=sharing\" target=\"_blank\" rel=\"noopener\"><span style=\"color: #000000;\"><span style=\"font-family: Alata;\"><span style=\"vertical-align: inherit;\"><span style=\"vertical-align: inherit;\">R\u00e8glement int\u00e9rieur<\/span><\/span><\/span><\/span><\/a><\/h2><p style=\"text-align: center;\"><a href=\"https:\/\/drive.google.com\/file\/d\/1nVHK6i2mFYjHyd5O_yGJ1pyKPiYyu3wc\/view?usp=sharing\" target=\"_blank\" rel=\"noopener\"><span style=\"font-family: Alata;\"><span style=\"vertical-align: inherit;\"><span style=\"vertical-align: inherit;\">Consulter le r\u00e8glement de l'h\u00f4tel&nbsp;<\/span><\/span><\/span><\/a><\/p><p style=\"text-align: center;\">&nbsp;<\/p><p>&nbsp;<\/p><p>&nbsp;<\/p><p>&nbsp;<\/p><p>&nbsp;<\/p><\/div><\/div><\/div><\/div><\/div><\/div><\/div><\/div><div class=\"vce-row-container\" data-vce-boxed-width=\"true\"><div class=\"vce-row vce-element--has-background vce-row--col-gap-30 vce-row-equal-height vce-row-columns--top vce-row-content--top\" id=\"el-bc08bb9c\" data-vce-do-apply=\"all el-bc08bb9c\" data-vce-animate=\"vce-o-animate--fadeIn\"><div class=\"vce-content-background-container\"><\/div><div class=\"vce-row-content\" data-vce-element-content=\"true\"><div class=\"vce-col vce-col--md-auto vce-col--xs-1 vce-col--xs-last vce-col--xs-first vce-col--sm-last vce-col--sm-first vce-col--md-last vce-col--lg-last vce-col--xl-last vce-col--md-first vce-col--lg-first vce-col--xl-first\" id=\"el-c197c122\"><div class=\"vce-col-inner\" data-vce-do-apply=\"border margin background  el-c197c122\"><div class=\"vce-col-content\" data-vce-element-content=\"true\" data-vce-do-apply=\"padding el-c197c122\"><div class=\"vce-text-block\"><div class=\"vce-text-block-wrapper vce\" id=\"el-bccd4ee2\" data-vce-do-apply=\"all el-bccd4ee2\"><h2 style=\"text-align: center;\">&nbsp;<\/h2><\/div><\/div><\/div><\/div><\/div><\/div><\/div><\/div><div class=\"vce-row-container\" data-vce-boxed-width=\"true\"><div class=\"vce-row vce-element--has-background vce-row--col-gap-30 vce-row-equal-height vce-row-columns--top vce-row-content--top\" id=\"el-67004d50\" data-vce-do-apply=\"all el-67004d50\" data-vce-animate=\"vce-o-animate--fadeIn\"><div class=\"vce-content-background-container\"><div class=\"vce-asset-background-simple-container vce-visible-all-only vce-asset-background-simple--style-cover vce-asset-background-simple--position-center-top\"><div class=\"vce-asset-background-simple\"><div class=\"vce-asset-background-simple-item\" style=\"background-image: url('https:\/\/hotelcotepharecontis.com\/wp-content\/uploads\/2021\/04\/PETIT_DEJ-1_C1.jpg');\"><\/div><\/div><\/div><\/div><div class=\"vce-row-content\" data-vce-element-content=\"true\"><div class=\"vce-col vce-col--md-auto vce-col--xs-1 vce-col--xs-last vce-col--xs-first vce-col--sm-last vce-col--sm-first vce-col--md-last vce-col--lg-last vce-col--xl-last vce-col--md-first vce-col--lg-first vce-col--xl-first\" id=\"el-49b825e6\"><div class=\"vce-col-inner\" data-vce-do-apply=\"border margin background  el-49b825e6\"><div class=\"vce-content-background-container\"><div class=\"vce-asset-color-gradient-container vce-visible-all-only\" data-vce-do-apply=\"gradient el-49b825e6\"><\/div><\/div><div class=\"vce-col-content\" data-vce-element-content=\"true\" data-vce-do-apply=\"padding el-49b825e6\"><div class=\"vce-text-block\"><div class=\"vce-text-block-wrapper vce\" id=\"el-83b71e3b\" data-vce-do-apply=\"all el-83b71e3b\"><h2>&nbsp;<\/h2><h2>&nbsp;<\/h2><h2>&nbsp;<\/h2><h2>&nbsp;<\/h2><h2>&nbsp;<\/h2><h2>&nbsp;<\/h2><h2 style=\"text-align: center;\"><a href=\"https:\/\/drive.google.com\/file\/d\/1NRK38MzqAeRhk81Ihi6ViU36G-JlJuWl\/view?usp=sharing\" target=\"_blank\" rel=\"noopener\"><span style=\"font-family: Alata;\"><span style=\"color: #000000;\"><span style=\"vertical-align: inherit;\"><span style=\"vertical-align: inherit;\"><span style=\"vertical-align: inherit;\"><span style=\"vertical-align: inherit;\">Conditions de vente<\/span><\/span><\/span><\/span><\/span><\/span><\/a><\/h2><p style=\"text-align: center;\"><a href=\"https:\/\/drive.google.com\/file\/d\/1NRK38MzqAeRhk81Ihi6ViU36G-JlJuWl\/view?usp=sharing\" target=\"_blank\" rel=\"noopener\">&nbsp;<span style=\"font-family: Alata;\"><span style=\"vertical-align: inherit;\"><span style=\"vertical-align: inherit;\"><span style=\"vertical-align: inherit;\"><span style=\"vertical-align: inherit;\">Voir Conditions de vente<\/span><\/span><\/span><\/span><\/span><span style=\"font-family: Alata;\">&nbsp;<\/span><\/a><\/p><p>&nbsp;<\/p><p>&nbsp;<\/p><p>&nbsp;<\/p><p>&nbsp;<\/p><p>&nbsp;<\/p><\/div><\/div><\/div><\/div><\/div><\/div><\/div><\/div><div class=\"vce-row-container\" data-vce-boxed-width=\"true\"><div class=\"vce-row vce-element--has-background vce-row--col-gap-30 vce-row-equal-height vce-row-columns--top vce-row-content--top\" id=\"el-f052ad8d\" data-vce-do-apply=\"all el-f052ad8d\" data-vce-animate=\"vce-o-animate--fadeIn\"><div class=\"vce-content-background-container\"><\/div><div class=\"vce-row-content\" data-vce-element-content=\"true\"><div class=\"vce-col vce-col--md-auto vce-col--xs-1 vce-col--xs-last vce-col--xs-first vce-col--sm-last vce-col--sm-first vce-col--md-last vce-col--lg-last vce-col--xl-last vce-col--md-first vce-col--lg-first vce-col--xl-first\" id=\"el-2e37daee\"><div class=\"vce-col-inner\" data-vce-do-apply=\"border margin background  el-2e37daee\"><div class=\"vce-col-content\" data-vce-element-content=\"true\" data-vce-do-apply=\"padding el-2e37daee\"><div class=\"vce-text-block\"><div class=\"vce-text-block-wrapper vce\" id=\"el-4e2312fc\" data-vce-do-apply=\"all el-4e2312fc\"><h2 style=\"text-align: center;\">&nbsp;<\/h2><\/div><\/div><\/div><\/div><\/div><\/div><\/div><\/div><div class=\"vce-row-container\" data-vce-boxed-width=\"true\"><div class=\"vce-row vce-element--has-background vce-row--col-gap-30 vce-row-equal-height vce-row-columns--top vce-row-content--top\" id=\"el-f485170e\" data-vce-do-apply=\"all el-f485170e\" data-vce-animate=\"vce-o-animate--fadeIn\"><div class=\"vce-content-background-container\"><div class=\"vce-asset-background-simple-container vce-visible-all-only vce-asset-background-simple--style-cover vce-asset-background-simple--position-left-center\"><div class=\"vce-asset-background-simple\"><div class=\"vce-asset-background-simple-item\" style=\"background-image: url('https:\/\/hotelcotepharecontis.com\/wp-content\/uploads\/2021\/02\/thumbnail_IMG_1023-1.jpg');\"><\/div><\/div><\/div><\/div><div class=\"vce-row-content\" data-vce-element-content=\"true\"><div class=\"vce-col vce-col--md-auto vce-col--xs-1 vce-col--xs-last vce-col--xs-first vce-col--sm-last vce-col--sm-first vce-col--md-last vce-col--lg-last vce-col--xl-last vce-col--md-first vce-col--lg-first vce-col--xl-first\" id=\"el-2fa1bf35\"><div class=\"vce-col-inner\" data-vce-do-apply=\"border margin background  el-2fa1bf35\"><div class=\"vce-content-background-container\"><div class=\"vce-asset-color-gradient-container vce-visible-all-only\" data-vce-do-apply=\"gradient el-2fa1bf35\"><\/div><\/div><div class=\"vce-col-content\" data-vce-element-content=\"true\" data-vce-do-apply=\"padding el-2fa1bf35\"><div class=\"vce-text-block\"><div class=\"vce-text-block-wrapper vce\" id=\"el-b4200c17\" data-vce-do-apply=\"all el-b4200c17\"><h2 style=\"text-align: center;\">&nbsp;<\/h2><h2 style=\"text-align: center;\">&nbsp;<\/h2><h2 style=\"text-align: center;\">&nbsp;<\/h2><p>&nbsp;<\/p><h2 style=\"text-align: center;\">&nbsp;<a href=\"https:\/\/hotelcotepharecontis.com\/wp-content\/uploads\/2021\/05\/Cote-Adresses.docx.pdf\" target=\"_blank\" rel=\"noopener\"><span style=\"font-family: Alata;\"><span style=\"color: #000000;\">Carnet d'adresses<\/span><\/span><\/a><\/h2><p style=\"text-align: center;\"><a href=\"https:\/\/hotelcotepharecontis.com\/wp-content\/uploads\/2021\/05\/Cote-Adresses.docx.pdf\" target=\"_blank\" rel=\"noopener\">&nbsp;<span style=\"font-family: Alata;\">Autour de Contis<\/span><\/a><\/p><p>&nbsp;<\/p><p>&nbsp;<\/p><p>&nbsp;<\/p><p>&nbsp;<\/p><\/div><\/div><\/div><\/div><\/div><\/div><\/div><\/div><div class=\"vce-row-container\" data-vce-boxed-width=\"true\"><div class=\"vce-row vce-element--has-background vce-row--col-gap-30 vce-row-equal-height vce-row-columns--top vce-row-content--top\" id=\"el-7601dbca\" data-vce-do-apply=\"all el-7601dbca\" data-vce-animate=\"vce-o-animate--fadeIn\"><div class=\"vce-content-background-container\"><\/div><div class=\"vce-row-content\" data-vce-element-content=\"true\"><div class=\"vce-col vce-col--md-auto vce-col--xs-1 vce-col--xs-last vce-col--xs-first vce-col--sm-last vce-col--sm-first vce-col--md-last vce-col--lg-last vce-col--xl-last vce-col--md-first vce-col--lg-first vce-col--xl-first\" id=\"el-cc9ea7f8\"><div class=\"vce-col-inner\" data-vce-do-apply=\"border margin background  el-cc9ea7f8\"><div class=\"vce-col-content\" data-vce-element-content=\"true\" data-vce-do-apply=\"padding el-cc9ea7f8\"><div class=\"vce-text-block\"><div class=\"vce-text-block-wrapper vce\" id=\"el-0c783ef2\" data-vce-do-apply=\"all el-0c783ef2\"><h2 style=\"text-align: center;\">&nbsp;<\/h2><\/div><\/div><\/div><\/div><\/div><\/div><\/div><\/div><div class=\"vce-row-container\" data-vce-boxed-width=\"true\"><div class=\"vce-row vce-element--has-background vce-row--col-gap-30 vce-row-equal-height vce-row-columns--top vce-row-content--top\" id=\"el-5a7aa3f5\" data-vce-do-apply=\"all el-5a7aa3f5\" data-vce-animate=\"vce-o-animate--fadeIn\"><div class=\"vce-content-background-container\"><div class=\"vce-asset-background-simple-container vce-visible-all-only vce-asset-background-simple--style-cover vce-asset-background-simple--position-center-center\"><div class=\"vce-asset-background-simple\"><div class=\"vce-asset-background-simple-item\" style=\"background-image: url('https:\/\/hotelcotepharecontis.com\/wp-content\/uploads\/2021\/04\/COTE_PHARE_EXT_JOUR211.jpg');\"><\/div><\/div><\/div><\/div><div class=\"vce-row-content\" data-vce-element-content=\"true\"><div class=\"vce-col vce-col--md-auto vce-col--xs-1 vce-col--xs-last vce-col--xs-first vce-col--sm-last vce-col--sm-first vce-col--md-last vce-col--lg-last vce-col--xl-last vce-col--md-first vce-col--lg-first vce-col--xl-first\" id=\"el-e7d6ec59\"><div class=\"vce-col-inner\" data-vce-do-apply=\"border margin background  el-e7d6ec59\"><div class=\"vce-content-background-container\"><div class=\"vce-asset-color-gradient-container vce-visible-all-only\" data-vce-do-apply=\"gradient el-e7d6ec59\"><\/div><\/div><div class=\"vce-col-content\" data-vce-element-content=\"true\" data-vce-do-apply=\"padding el-e7d6ec59\"><div class=\"vce-text-block\"><div class=\"vce-text-block-wrapper vce\" id=\"el-cc9a640e\" data-vce-do-apply=\"all el-cc9a640e\"><h2 style=\"text-align: center;\">&nbsp;<\/h2><h2 style=\"text-align: center;\">&nbsp;<\/h2><h2 style=\"text-align: center;\">&nbsp;<\/h2><p>&nbsp;<\/p><h2 style=\"text-align: center;\">&nbsp;<a href=\"https:\/\/drive.google.com\/file\/d\/1zv0HyCoD1c1NVI4bOQD3BYg14u7cbQDQ\/view?usp=sharing\" target=\"_blank\" rel=\"noopener\"><span style=\"font-family: Alata;\"><span style=\"color: #000000;\">Mentions L\u00e9gales<\/span><\/span><\/a><\/h2><p style=\"text-align: center;\"><a href=\"https:\/\/drive.google.com\/file\/d\/1zv0HyCoD1c1NVI4bOQD3BYg14u7cbQDQ\/view?usp=sharing\" target=\"_blank\" rel=\"noopener\">&nbsp;<span style=\"font-family: Alata;\">Consulter les mentions l\u00e9gales<\/span><\/a><\/p><p>&nbsp;<\/p><p>&nbsp;<\/p><p>&nbsp;<\/p><p>&nbsp;<\/p><\/div><\/div><\/div><\/div><\/div><\/div><\/div><\/div><div class=\"vce-row-container\" data-vce-boxed-width=\"true\"><div class=\"vce-row vce-element--has-background vce-row--col-gap-30 vce-row-equal-height vce-row-columns--top vce-row-content--top\" id=\"el-a93a1d5e\" data-vce-do-apply=\"all el-a93a1d5e\" data-vce-animate=\"vce-o-animate--fadeIn\"><div class=\"vce-content-background-container\"><\/div><div class=\"vce-row-content\" data-vce-element-content=\"true\"><div class=\"vce-col vce-col--md-auto vce-col--xs-1 vce-col--xs-last vce-col--xs-first vce-col--sm-last vce-col--sm-first vce-col--md-last vce-col--lg-last vce-col--xl-last vce-col--md-first vce-col--lg-first vce-col--xl-first\" id=\"el-ac194925\"><div class=\"vce-col-inner\" data-vce-do-apply=\"border margin background  el-ac194925\"><div class=\"vce-col-content\" data-vce-element-content=\"true\" data-vce-do-apply=\"padding el-ac194925\"><div class=\"vce-text-block\"><div class=\"vce-text-block-wrapper vce\" id=\"el-86d7adfa\" data-vce-do-apply=\"all el-86d7adfa\"><h2 style=\"text-align: center;\">&nbsp;<\/h2><\/div><\/div><\/div><\/div><\/div><\/div><\/div><\/div><div class=\"vce-row-container\" data-vce-boxed-width=\"true\"><div class=\"vce-row vce-row--col-gap-30 vce-row-equal-height vce-row-columns--top vce-row-content--top\" id=\"el-21c0f157\" data-vce-do-apply=\"all el-21c0f157\" data-vce-animate=\"vce-o-animate--fadeIn\"><div class=\"vce-content-background-container\"><\/div><div class=\"vce-row-content\" data-vce-element-content=\"true\"><div class=\"vce-col vce-col--md-auto vce-col--xs-1 vce-col--xs-last vce-col--xs-first vce-col--sm-last vce-col--sm-first vce-col--md-last vce-col--lg-last vce-col--xl-last vce-col--md-first vce-col--lg-first vce-col--xl-first\" id=\"el-11d6274e\"><div class=\"vce-col-inner\" data-vce-do-apply=\"border margin background  el-11d6274e\"><div class=\"vce-col-content\" data-vce-element-content=\"true\" data-vce-do-apply=\"padding el-11d6274e\"><div class=\"vce-text-block\"><div class=\"vce-text-block-wrapper vce\" id=\"el-b2e03382\" data-vce-do-apply=\"all el-b2e03382\"><p style=\"font-weight: 100; background-color: #3e3d3d; text-align: center;\">&nbsp;<\/p>\n<p>&nbsp;<\/p><\/div><\/div><div class=\"vce-button--style-basic-container vce-button--style-basic-container--align-center\"><span class=\"vce-button--style-basic-wrapper vce\" id=\"el-b13a4228\" data-vce-do-apply=\"margin el-b13a4228\"><a class=\"vce-button--style-basic vce-button--style-basic--border-round vce-button--style-basic--size-medium vce-button--style-basic--color-b-47-47-47--fff\" href=\"mailto:contactcotephare@gmail.com\" title=\"\" data-vce-do-apply=\"padding border background  el-b13a4228\" data-vce-animate=\"vce-o-animate--fadeInDown\">NOUS CONTACTER<\/a><\/span><\/div><\/div><\/div><\/div><\/div><\/div><\/div>\n","protected":false},"excerpt":{"rendered":"<p>&nbsp;&nbsp;&nbsp;&nbsp;&nbsp;&nbsp;Tarifs&nbsp;Voir nos prix&nbsp;&nbsp;&nbsp;&nbsp;&nbsp;&nbsp;&nbsp;&nbsp;&nbsp;&nbsp;&nbsp;R\u00e8glement int\u00e9rieurConsulter le r\u00e8glement de l&rsquo;h\u00f4tel&nbsp;&nbsp;&nbsp;&nbsp;&nbsp;&nbsp;&nbsp;&nbsp;&nbsp;&nbsp;&nbsp;&nbsp;&nbsp;Conditions de vente&nbsp;Voir Conditions de vente&nbsp;&nbsp;&nbsp;&nbsp;&nbsp;&nbsp;&nbsp;&nbsp;&nbsp;&nbsp;&nbsp;&nbsp;Carnet d&rsquo;adresses&nbsp;Autour de Contis&nbsp;&nbsp;&nbsp;&nbsp;&nbsp;&nbsp;&nbsp;&nbsp;&nbsp;&nbsp;Mentions L\u00e9gales&nbsp;Consulter les mentions l\u00e9gales&nbsp;&nbsp;&nbsp;&nbsp;&nbsp;&nbsp; &nbsp;NOUS CONTACTER<\/p>\n","protected":false},"author":1,"featured_media":0,"parent":0,"menu_order":0,"comment_status":"closed","ping_status":"closed","template":"","meta":[],"_links":{"self":[{"href":"https:\/\/hotelcotepharecontis.com\/index.php\/wp-json\/wp\/v2\/pages\/85"}],"collection":[{"href":"https:\/\/hotelcotepharecontis.com\/index.php\/wp-json\/wp\/v2\/pages"}],"about":[{"href":"https:\/\/hotelcotepharecontis.com\/index.php\/wp-json\/wp\/v2\/types\/page"}],"author":[{"embeddable":true,"href":"https:\/\/hotelcotepharecontis.com\/index.php\/wp-json\/wp\/v2\/users\/1"}],"replies":[{"embeddable":true,"href":"https:\/\/hotelcotepharecontis.com\/index.php\/wp-json\/wp\/v2\/comments?post=85"}],"version-history":[{"count":161,"href":"https:\/\/hotelcotepharecontis.com\/index.php\/wp-json\/wp\/v2\/pages\/85\/revisions"}],"predecessor-version":[{"id":1040,"href":"https:\/\/hotelcotepharecontis.com\/index.php\/wp-json\/wp\/v2\/pages\/85\/revisions\/1040"}],"wp:attachment":[{"href":"https:\/\/hotelcotepharecontis.com\/index.php\/wp-json\/wp\/v2\/media?parent=85"}],"curies":[{"name":"wp","href":"https:\/\/api.w.org\/{rel}","templated":true}]}}