{"id":685,"date":"2021-04-26T19:30:59","date_gmt":"2021-04-26T17:30:59","guid":{"rendered":"http:\/\/hotelcotepharecontis.com\/?page_id=685"},"modified":"2023-04-15T16:52:24","modified_gmt":"2023-04-15T14:52:24","slug":"lhotel","status":"publish","type":"page","link":"https:\/\/hotelcotepharecontis.com\/index.php\/lhotel\/","title":{"rendered":"L&rsquo;H\u00f4tel"},"content":{"rendered":"<div class=\"vce-row-container\" data-vce-boxed-width=\"true\"><div class=\"vce-row vce-row--col-gap-30 vce-row-equal-height vce-row-columns--top vce-row-content--top\" id=\"el-daf1bc52\" data-vce-do-apply=\"all el-daf1bc52\"><div class=\"vce-row-content\" data-vce-element-content=\"true\"><div class=\"vce-col vce-col--md-auto vce-col--xs-1 vce-col--xs-last vce-col--xs-first vce-col--sm-last vce-col--sm-first vce-col--md-last vce-col--lg-last vce-col--xl-last vce-col--md-first vce-col--lg-first vce-col--xl-first\" id=\"el-9d7118dc\"><div class=\"vce-col-inner\" data-vce-do-apply=\"border margin background  el-9d7118dc\"><div class=\"vce-col-content\" data-vce-element-content=\"true\" data-vce-do-apply=\"padding el-9d7118dc\"><\/div><\/div><\/div><\/div><\/div><\/div><div class=\"vce-row-container\" data-vce-boxed-width=\"true\"><div class=\"vce-row vce-element--has-background vce-row--col-gap-30 vce-row-equal-height vce-row-columns--top vce-row-content--top\" id=\"el-9b59d5df\" data-vce-do-apply=\"all el-9b59d5df\" data-vce-animate=\"vce-o-animate--fadeIn\"><div class=\"vce-content-background-container\"><\/div><div class=\"vce-row-content\" data-vce-element-content=\"true\"><div class=\"vce-col vce-col--md-auto vce-col--xs-1 vce-col--xs-last vce-col--xs-first vce-col--sm-last vce-col--sm-first vce-col--md-last vce-col--lg-last vce-col--xl-last vce-col--md-first vce-col--lg-first vce-col--xl-first\" id=\"el-636922ef\"><div class=\"vce-col-inner\" data-vce-do-apply=\"border margin background  el-636922ef\"><div class=\"vce-col-content\" data-vce-element-content=\"true\" data-vce-do-apply=\"padding el-636922ef\"><div class=\"vce-text-block\"><div class=\"vce-text-block-wrapper vce\" id=\"el-0b5672d5\" data-vce-do-apply=\"all el-0b5672d5\"><h2 style=\"text-align: center;\">&nbsp;<\/h2><\/div><\/div><\/div><\/div><\/div><\/div><\/div><\/div><div class=\"vce-row-container\" data-vce-boxed-width=\"true\"><div class=\"vce-row vce-element--has-background vce-row--col-gap-30 vce-row-equal-height vce-row-columns--top vce-row-content--top\" id=\"el-386f79ab\" data-vce-do-apply=\"all el-386f79ab\" data-vce-animate=\"vce-o-animate--fadeIn\"><div class=\"vce-content-background-container\"><\/div><div class=\"vce-row-content\" data-vce-element-content=\"true\"><div class=\"vce-col vce-col--md-auto vce-col--xs-1 vce-col--xs-last vce-col--xs-first vce-col--sm-last vce-col--sm-first vce-col--md-last vce-col--lg-last vce-col--xl-last vce-col--md-first vce-col--lg-first vce-col--xl-first\" id=\"el-dc18c907\"><div class=\"vce-col-inner\" data-vce-do-apply=\"border margin background  el-dc18c907\"><div class=\"vce-col-content\" data-vce-element-content=\"true\" data-vce-do-apply=\"padding el-dc18c907\"><div class=\"vce-single-image-container vce-single-image--align-center\"><div class=\"vce vce-single-image-wrapper\" id=\"el-0d421169\" data-vce-do-apply=\"all el-0d421169\"><figure><div class=\"vce-single-image-inner vce-single-image--absolute\" style=\"padding-bottom: 66.6667%; width: 1476px;\"><img class=\"vce-single-image\" src=\"https:\/\/hotelcotepharecontis.com\/wp-content\/uploads\/2021\/04\/COTE-PHARE-EXT-JOUR2.jpg\" data-img-src=\"https:\/\/hotelcotepharecontis.com\/wp-content\/uploads\/2021\/04\/COTE-PHARE-EXT-JOUR2.jpg\" alt=\"\" title=\"COTE PHARE EXT JOUR2\"><\/div><figcaption hidden=\"\"><\/figcaption><\/figure><\/div><\/div><\/div><\/div><\/div><\/div><\/div><\/div><div class=\"vce-row-container\" data-vce-boxed-width=\"true\"><div class=\"vce-row vce-element--has-background vce-row--col-gap-30 vce-row-equal-height vce-row-columns--top vce-row-content--top\" id=\"el-595bac75\" data-vce-do-apply=\"all el-595bac75\" data-vce-animate=\"vce-o-animate--fadeIn\"><div class=\"vce-content-background-container\"><\/div><div class=\"vce-row-content\" data-vce-element-content=\"true\"><div class=\"vce-col vce-col--md-auto vce-col--xs-1 vce-col--xs-last vce-col--xs-first vce-col--sm-last vce-col--sm-first vce-col--md-last vce-col--lg-last vce-col--xl-last vce-col--md-first vce-col--lg-first vce-col--xl-first\" id=\"el-d58bf094\"><div class=\"vce-col-inner\" data-vce-do-apply=\"border margin background  el-d58bf094\"><div class=\"vce-col-content\" data-vce-element-content=\"true\" data-vce-do-apply=\"padding el-d58bf094\"><div class=\"vce-text-block\"><div class=\"vce-text-block-wrapper vce\" id=\"el-40ec99e7\" data-vce-do-apply=\"all el-40ec99e7\"><h2 style=\"text-align: center;\">&nbsp;<\/h2><\/div><\/div><\/div><\/div><\/div><\/div><\/div><\/div><div class=\"vce-row-container\" data-vce-boxed-width=\"true\"><div class=\"vce-row vce-element--has-background vce-row--col-gap-30 vce-row-equal-height vce-row-columns--top vce-row-content--top\" id=\"el-24d27704\" data-vce-do-apply=\"all el-24d27704\" data-vce-animate=\"vce-o-animate--fadeIn\"><div class=\"vce-content-background-container\"><\/div><div class=\"vce-row-content\" data-vce-element-content=\"true\"><div class=\"vce-col vce-col--md-auto vce-col--xs-1 vce-col--xs-last vce-col--xs-first vce-col--sm-last vce-col--sm-first vce-col--md-first vce-col--lg-first vce-col--xl-first\" id=\"el-bcc814dc\"><div class=\"vce-col-inner\" data-vce-do-apply=\"border margin background  el-bcc814dc\"><div class=\"vce-col-content\" data-vce-element-content=\"true\" data-vce-do-apply=\"padding el-bcc814dc\"><div class=\"vce-single-image-container vce-single-image--align-center\"><div class=\"vce vce-single-image-wrapper\" id=\"el-644f4040\" data-vce-do-apply=\"all el-644f4040\"><figure><div class=\"vce-single-image-inner vce-single-image--absolute\" style=\"padding-bottom: 66.6667%; width: 1476px;\"><img class=\"vce-single-image\" src=\"https:\/\/hotelcotepharecontis.com\/wp-content\/uploads\/2021\/04\/COTE-PHARE-EXT-JOUR27.jpg\" data-img-src=\"https:\/\/hotelcotepharecontis.com\/wp-content\/uploads\/2021\/04\/COTE-PHARE-EXT-JOUR27.jpg\" alt=\"\" title=\"COTE PHARE EXT JOUR27\"><\/div><figcaption hidden=\"\"><\/figcaption><\/figure><\/div><\/div><\/div><\/div><\/div><div class=\"vce-col vce-col--md-auto vce-col--xs-1 vce-col--xs-last vce-col--xs-first vce-col--sm-last vce-col--sm-first vce-col--md-last vce-col--lg-last vce-col--xl-last\" id=\"el-8f276e89\"><div class=\"vce-col-inner\" data-vce-do-apply=\"border margin background  el-8f276e89\" data-vce-animate=\"vce-o-animate--fadeInDown\"><div class=\"vce-content-background-container\"><\/div><div class=\"vce-col-content\" data-vce-element-content=\"true\" data-vce-do-apply=\"padding el-8f276e89\"><div class=\"vce-text-block\"><div class=\"vce-text-block-wrapper vce\" id=\"el-0fa7ece0\" data-vce-do-apply=\"all el-0fa7ece0\"><h2 style=\"background-color: #2f2f2f;\"><span style=\"font-family: Alata; color: #ffffff; letter-spacing: 3px;\">C\u00f4t\u00e9 H\u00f4tel<\/span><\/h2>\n<p>&nbsp;<\/p>\n<p style=\"color: #000000; font-family: 'Times New Roman'; font-size: medium; font-weight: 400; letter-spacing: normal;\"><span style=\"font-family: Alata; color: #999999;\">Dans les Landes, l\u2019h\u00f4tel C\u00f4t\u00e9 Phare a \u00e9t\u00e9 pens\u00e9 et con\u00e7u par des amoureux de Contis. Entre plage et pin\u00e8de, l\u2019h\u00f4tel situ\u00e9 au bord de l'oc\u00e9an allie charme, authenticit\u00e9 et confort avec ses six chambres \u00e0 la d\u00e9coration soign\u00e9e et ses terrasses au calme. Laissez vous tenter par un petit d\u00e9jeuner de produits r\u00e9gionaux. <\/span><\/p>\n<p style=\"color: #000000; font-family: 'Times New Roman'; font-size: medium; font-weight: 400; letter-spacing: normal;\"><span style=\"font-family: Alata; color: #999999;\">La boutique et L\u2019\u00e9picerie fine de l\u2019h\u00f4tel vous livrerons une s\u00e9lection de produit locaux de qualit\u00e9 pour vos id\u00e9es cadeaux ou souvenirs de votre s\u00e9jour.<\/span><\/p>\n<p style=\"color: #000000; font-family: 'Times New Roman'; font-size: medium; font-weight: 400; letter-spacing: normal;\"><span style=\"font-family: Alata; color: #999999;\">L\u2019h\u00f4tel propose un service \u00ab sur-mesure \u00bb o\u00f9 simplicit\u00e9, efficacit\u00e9 et bienveillance sont de mise.<\/span><\/p>\n<p style=\"color: #000000; font-family: 'Times New Roman'; font-size: medium; font-weight: 400; letter-spacing: normal;\">&nbsp;<\/p>\n<p style=\"color: #000000; font-family: 'Times New Roman'; font-size: medium; font-weight: 400; letter-spacing: normal;\"><span style=\"font-family: Alata; color: #999999;\">Ouvert de avril \u00e0 d\u00e9cembre\u2026<\/span><\/p><\/div><\/div><\/div><\/div><\/div><\/div><\/div><\/div><div class=\"vce-row-container\" data-vce-boxed-width=\"true\"><div class=\"vce-row vce-element--has-background vce-row--col-gap-30 vce-row-equal-height vce-row-columns--top vce-row-content--top\" id=\"el-d845363d\" data-vce-do-apply=\"all el-d845363d\" data-vce-animate=\"vce-o-animate--fadeIn\"><div class=\"vce-content-background-container\"><\/div><div class=\"vce-row-content\" data-vce-element-content=\"true\"><div class=\"vce-col vce-col--md-auto vce-col--xs-1 vce-col--xs-last vce-col--xs-first vce-col--sm-last vce-col--sm-first vce-col--md-last vce-col--lg-last vce-col--xl-last vce-col--md-first vce-col--lg-first vce-col--xl-first\" id=\"el-f6a4861c\"><div class=\"vce-col-inner\" data-vce-do-apply=\"border margin background  el-f6a4861c\"><div class=\"vce-col-content\" data-vce-element-content=\"true\" data-vce-do-apply=\"padding el-f6a4861c\"><div class=\"vce-text-block\"><div class=\"vce-text-block-wrapper vce\" id=\"el-4b6cc79f\" data-vce-do-apply=\"all el-4b6cc79f\"><h2 style=\"text-align: center;\">&nbsp;<\/h2><\/div><\/div><\/div><\/div><\/div><\/div><\/div><\/div><div class=\"vce-row-container\" data-vce-boxed-width=\"true\"><div class=\"vce-row vce-element--has-background vce-row--col-gap-30 vce-row-equal-height vce-row-columns--top vce-row-content--top\" id=\"el-1518bf73\" data-vce-do-apply=\"all el-1518bf73\" data-vce-animate=\"vce-o-animate--fadeIn\"><div class=\"vce-content-background-container\"><\/div><div class=\"vce-row-content\" data-vce-element-content=\"true\"><div class=\"vce-col vce-col--md-auto vce-col--xs-1 vce-col--xs-last vce-col--xs-first vce-col--sm-last vce-col--sm-first vce-col--md-first vce-col--lg-first vce-col--xl-first\" id=\"el-5833afdb\"><div class=\"vce-col-inner\" data-vce-do-apply=\"border margin background  el-5833afdb\"><div class=\"vce-col-content\" data-vce-element-content=\"true\" data-vce-do-apply=\"padding el-5833afdb\"><div class=\"vce-single-image-container vce-single-image--align-left\"><div class=\"vce vce-single-image-wrapper\" id=\"el-6c05135b\" data-vce-do-apply=\"all el-6c05135b\"><figure><div class=\"vce-single-image-inner vce-single-image--absolute\" style=\"padding-bottom: 66.6016%; width: 1024px;\"><img class=\"vce-single-image\" width=\"1024\" height=\"682\" src=\"https:\/\/hotelcotepharecontis.com\/wp-content\/uploads\/2023\/04\/COTE_PHARE_EXT_JOUR251-1024x682.jpg\" srcset=\"https:\/\/hotelcotepharecontis.com\/wp-content\/uploads\/2023\/04\/COTE_PHARE_EXT_JOUR251-320x213.jpg 320w,https:\/\/hotelcotepharecontis.com\/wp-content\/uploads\/2023\/04\/COTE_PHARE_EXT_JOUR251-480x320.jpg 480w,https:\/\/hotelcotepharecontis.com\/wp-content\/uploads\/2023\/04\/COTE_PHARE_EXT_JOUR251-800x533.jpg 800w,https:\/\/hotelcotepharecontis.com\/wp-content\/uploads\/2023\/04\/COTE_PHARE_EXT_JOUR251-1024x682.jpg 1024w\" data-img-src=\"https:\/\/hotelcotepharecontis.com\/wp-content\/uploads\/2021\/04\/COTE_PHARE_EXT_JOUR251.jpg\" alt=\"\" title=\"COTE_PHARE_EXT_JOUR25[1\/>\" ]<\/div><figcaption hidden=\"\"><\/figcaption><\/figure><\/div><\/div><\/div><\/div><\/div><div class=\"vce-col vce-col--md-auto vce-col--xs-1 vce-col--xs-last vce-col--xs-first vce-col--sm-last vce-col--sm-first\" id=\"el-53a327a6\"><div class=\"vce-col-inner\" data-vce-do-apply=\"border margin background  el-53a327a6\"><div class=\"vce-col-content\" data-vce-element-content=\"true\" data-vce-do-apply=\"padding el-53a327a6\"><div class=\"vce-single-image-container vce-single-image--align-left\"><div class=\"vce vce-single-image-wrapper\" id=\"el-e5228006\" data-vce-do-apply=\"all el-e5228006\"><figure><div class=\"vce-single-image-inner vce-single-image--absolute\" style=\"padding-bottom: 66.6016%; width: 1024px;\"><img class=\"vce-single-image\" width=\"1024\" height=\"682\" src=\"https:\/\/hotelcotepharecontis.com\/wp-content\/uploads\/2023\/04\/COTE_PHARE_EXT_JOUR101-1024x682.jpg\" srcset=\"https:\/\/hotelcotepharecontis.com\/wp-content\/uploads\/2023\/04\/COTE_PHARE_EXT_JOUR101-320x213.jpg 320w,https:\/\/hotelcotepharecontis.com\/wp-content\/uploads\/2023\/04\/COTE_PHARE_EXT_JOUR101-480x320.jpg 480w,https:\/\/hotelcotepharecontis.com\/wp-content\/uploads\/2023\/04\/COTE_PHARE_EXT_JOUR101-800x533.jpg 800w,https:\/\/hotelcotepharecontis.com\/wp-content\/uploads\/2023\/04\/COTE_PHARE_EXT_JOUR101-1024x682.jpg 1024w\" data-img-src=\"https:\/\/hotelcotepharecontis.com\/wp-content\/uploads\/2021\/04\/COTE_PHARE_EXT_JOUR101.jpg\" alt=\"\" title=\"COTE_PHARE_EXT_JOUR10[1\/>\" ]<\/div><figcaption hidden=\"\"><\/figcaption><\/figure><\/div><\/div><\/div><\/div><\/div><div class=\"vce-col vce-col--md-auto vce-col--xs-1 vce-col--xs-last vce-col--xs-first vce-col--sm-last vce-col--sm-first vce-col--md-last vce-col--lg-last vce-col--xl-last\" id=\"el-99e75b7f\"><div class=\"vce-col-inner\" data-vce-do-apply=\"border margin background  el-99e75b7f\"><div class=\"vce-col-content\" data-vce-element-content=\"true\" data-vce-do-apply=\"padding el-99e75b7f\"><div class=\"vce-single-image-container vce-single-image--align-left\"><div class=\"vce vce-single-image-wrapper\" id=\"el-aee447dc\" data-vce-do-apply=\"all el-aee447dc\"><figure><div class=\"vce-single-image-inner vce-single-image--absolute\" style=\"padding-bottom: 66.6016%; width: 1024px;\"><img class=\"vce-single-image\" width=\"1024\" height=\"682\" src=\"https:\/\/hotelcotepharecontis.com\/wp-content\/uploads\/2023\/04\/COTE_PHARE_EXT_JOUR301-1024x682.jpg\" srcset=\"https:\/\/hotelcotepharecontis.com\/wp-content\/uploads\/2023\/04\/COTE_PHARE_EXT_JOUR301-320x213.jpg 320w,https:\/\/hotelcotepharecontis.com\/wp-content\/uploads\/2023\/04\/COTE_PHARE_EXT_JOUR301-480x320.jpg 480w,https:\/\/hotelcotepharecontis.com\/wp-content\/uploads\/2023\/04\/COTE_PHARE_EXT_JOUR301-800x533.jpg 800w,https:\/\/hotelcotepharecontis.com\/wp-content\/uploads\/2023\/04\/COTE_PHARE_EXT_JOUR301-1024x682.jpg 1024w\" data-img-src=\"https:\/\/hotelcotepharecontis.com\/wp-content\/uploads\/2021\/04\/COTE_PHARE_EXT_JOUR301.jpg\" alt=\"\" title=\"COTE_PHARE_EXT_JOUR30[1\/>\" ]<\/div><figcaption hidden=\"\"><\/figcaption><\/figure><\/div><\/div><\/div><\/div><\/div><\/div><\/div><\/div><div class=\"vce-row-container\" data-vce-boxed-width=\"true\"><div class=\"vce-row vce-element--has-background vce-row--col-gap-30 vce-row-equal-height vce-row-columns--top vce-row-content--top\" id=\"el-afbc7b92\" data-vce-do-apply=\"all el-afbc7b92\" data-vce-animate=\"vce-o-animate--fadeIn\"><div class=\"vce-content-background-container\"><\/div><div class=\"vce-row-content\" data-vce-element-content=\"true\"><div class=\"vce-col vce-col--md-auto vce-col--xs-1 vce-col--xs-last vce-col--xs-first vce-col--sm-last vce-col--sm-first vce-col--md-last vce-col--lg-last vce-col--xl-last vce-col--md-first vce-col--lg-first vce-col--xl-first\" id=\"el-e6f382e4\"><div class=\"vce-col-inner\" data-vce-do-apply=\"border margin background  el-e6f382e4\"><div class=\"vce-col-content\" data-vce-element-content=\"true\" data-vce-do-apply=\"padding el-e6f382e4\"><div class=\"vce-text-block\"><div class=\"vce-text-block-wrapper vce\" id=\"el-57f12976\" data-vce-do-apply=\"all el-57f12976\"><h2 style=\"text-align: center;\">&nbsp;<\/h2><\/div><\/div><\/div><\/div><\/div><\/div><\/div><\/div><div class=\"vce-row-container\" data-vce-boxed-width=\"true\"><div class=\"vce-row vce-row--col-gap-30 vce-row-equal-height vce-row-columns--top vce-row-content--top\" id=\"el-19887ae8\" data-vce-do-apply=\"all el-19887ae8\" data-vce-animate=\"vce-o-animate--fadeIn\"><div class=\"vce-content-background-container\"><\/div><div class=\"vce-row-content\" data-vce-element-content=\"true\"><div class=\"vce-col vce-col--md-auto vce-col--xs-1 vce-col--xs-last vce-col--xs-first vce-col--sm-last vce-col--sm-first vce-col--md-last vce-col--lg-last vce-col--xl-last vce-col--md-first vce-col--lg-first vce-col--xl-first\" id=\"el-3a4ad58a\"><div class=\"vce-col-inner\" data-vce-do-apply=\"border margin background  el-3a4ad58a\"><div class=\"vce-col-content\" data-vce-element-content=\"true\" data-vce-do-apply=\"padding el-3a4ad58a\"><div class=\"vce-text-block\"><div class=\"vce-text-block-wrapper vce\" id=\"el-06d59af1\" data-vce-do-apply=\"all el-06d59af1\"><p style=\"font-weight: 100; background-color: #3e3d3d; text-align: center;\">&nbsp;<\/p>\n<p>&nbsp;<\/p><\/div><\/div><div class=\"vce-button--style-basic-container vce-button--style-basic-container--align-center\"><span class=\"vce-button--style-basic-wrapper vce\" id=\"el-dc794dcc\" data-vce-do-apply=\"margin el-dc794dcc\"><a class=\"vce-button--style-basic vce-button--style-basic--border-round vce-button--style-basic--size-medium vce-button--style-basic--color-b-47-47-47--fff\" href=\"http:\/\/hotelcotepharecontis.com\/index.php\/chambres\/\" title=\"\" data-vce-do-apply=\"padding border background  el-dc794dcc\" data-vce-animate=\"vce-o-animate--fadeInDown\">NOS CHAMBRES<\/a><\/span><\/div><\/div><\/div><\/div><\/div><\/div><\/div><div class=\"vce-row-container\" data-vce-boxed-width=\"true\"><div class=\"vce-row vce-row--col-gap-30 vce-row-equal-height vce-row-columns--top vce-row-content--top\" id=\"el-ff3ce8c5\" data-vce-do-apply=\"all el-ff3ce8c5\"><div class=\"vce-row-content\" data-vce-element-content=\"true\"><div class=\"vce-col vce-col--md-auto vce-col--xs-1 vce-col--xs-last vce-col--xs-first vce-col--sm-last vce-col--sm-first vce-col--md-first vce-col--lg-first vce-col--xl-first\" id=\"el-ebe14561\"><div class=\"vce-col-inner\" data-vce-do-apply=\"border margin background  el-ebe14561\"><div class=\"vce-col-content\" data-vce-element-content=\"true\" data-vce-do-apply=\"padding el-ebe14561\"><\/div><\/div><\/div><div class=\"vce-col vce-col--md-auto vce-col--xs-1 vce-col--xs-last vce-col--xs-first vce-col--sm-last vce-col--sm-first\" id=\"el-7704b118\"><div class=\"vce-col-inner\" data-vce-do-apply=\"border margin background  el-7704b118\"><div class=\"vce-col-content\" data-vce-element-content=\"true\" data-vce-do-apply=\"padding el-7704b118\"><\/div><\/div><\/div><div class=\"vce-col vce-col--md-auto vce-col--xs-1 vce-col--xs-last vce-col--xs-first vce-col--sm-last vce-col--sm-first vce-col--md-last vce-col--lg-last vce-col--xl-last\" id=\"el-f4ededdd\"><div class=\"vce-col-inner\" data-vce-do-apply=\"border margin background  el-f4ededdd\"><div class=\"vce-col-content\" data-vce-element-content=\"true\" data-vce-do-apply=\"padding el-f4ededdd\"><\/div><\/div><\/div><\/div><\/div><\/div>\n","protected":false},"excerpt":{"rendered":"<p>&nbsp;&nbsp;C\u00f4t\u00e9 H\u00f4tel &nbsp; Dans les Landes, l\u2019h\u00f4tel C\u00f4t\u00e9 Phare a \u00e9t\u00e9 pens\u00e9 et con\u00e7u par des amoureux de Contis. Entre plage et pin\u00e8de, l\u2019h\u00f4tel situ\u00e9 au bord de l&rsquo;oc\u00e9an allie charme, authenticit\u00e9 et confort avec ses six chambres \u00e0 la d\u00e9coration soign\u00e9e et ses terrasses au calme. Laissez vous tenter par un petit d\u00e9jeuner de [&hellip;]<\/p>\n","protected":false},"author":1,"featured_media":0,"parent":0,"menu_order":0,"comment_status":"closed","ping_status":"closed","template":"","meta":[],"_links":{"self":[{"href":"https:\/\/hotelcotepharecontis.com\/index.php\/wp-json\/wp\/v2\/pages\/685"}],"collection":[{"href":"https:\/\/hotelcotepharecontis.com\/index.php\/wp-json\/wp\/v2\/pages"}],"about":[{"href":"https:\/\/hotelcotepharecontis.com\/index.php\/wp-json\/wp\/v2\/types\/page"}],"author":[{"embeddable":true,"href":"https:\/\/hotelcotepharecontis.com\/index.php\/wp-json\/wp\/v2\/users\/1"}],"replies":[{"embeddable":true,"href":"https:\/\/hotelcotepharecontis.com\/index.php\/wp-json\/wp\/v2\/comments?post=685"}],"version-history":[{"count":19,"href":"https:\/\/hotelcotepharecontis.com\/index.php\/wp-json\/wp\/v2\/pages\/685\/revisions"}],"predecessor-version":[{"id":978,"href":"https:\/\/hotelcotepharecontis.com\/index.php\/wp-json\/wp\/v2\/pages\/685\/revisions\/978"}],"wp:attachment":[{"href":"https:\/\/hotelcotepharecontis.com\/index.php\/wp-json\/wp\/v2\/media?parent=685"}],"curies":[{"name":"wp","href":"https:\/\/api.w.org\/{rel}","templated":true}]}}